{"id":869,"date":"2025-04-21T13:42:01","date_gmt":"2025-04-21T11:42:01","guid":{"rendered":"https:\/\/www.lisso.com.ar\/_lisso\/?page_id=869"},"modified":"2025-10-09T14:11:04","modified_gmt":"2025-10-09T12:11:04","slug":"control-de-largada","status":"publish","type":"page","link":"https:\/\/www.lisso.com.ar\/_lisso\/control-de-largada\/","title":{"rendered":"CONTROL DE LARGADA"},"content":{"rendered":"\t\t<div data-elementor-type=\"wp-page\" data-elementor-id=\"869\" class=\"elementor elementor-869\">\n\t\t\t\t\t\t<section class=\"elementor-section elementor-top-section elementor-element elementor-element-73610106 elementor-section-boxed elementor-section-height-default elementor-section-height-default\" data-id=\"73610106\" data-element_type=\"section\">\n\t\t\t\t\t\t<div class=\"elementor-container elementor-column-gap-default\">\n\t\t\t\t\t<div class=\"elementor-column elementor-col-100 elementor-top-column elementor-element elementor-element-62b65631\" data-id=\"62b65631\" data-element_type=\"column\">\n\t\t\t<div class=\"elementor-widget-wrap elementor-element-populated\">\n\t\t\t\t\t\t<div class=\"elementor-element elementor-element-2ff2f029 elementor-widget elementor-widget-image\" data-id=\"2ff2f029\" data-element_type=\"widget\" data-widget_type=\"image.default\">\n\t\t\t\t<div class=\"elementor-widget-container\">\n\t\t\t\t\t\t\t\t\t\t\t\t\t\t\t<img fetchpriority=\"high\" decoding=\"async\" width=\"719\" height=\"347\" src=\"https:\/\/www.lisso.com.ar\/_lisso\/wp-content\/uploads\/2025\/10\/control.jpg\" class=\"attachment-large size-large wp-image-1045\" alt=\"\" srcset=\"https:\/\/www.lisso.com.ar\/_lisso\/wp-content\/uploads\/2025\/10\/control.jpg 719w, https:\/\/www.lisso.com.ar\/_lisso\/wp-content\/uploads\/2025\/10\/control-300x145.jpg 300w\" sizes=\"(max-width: 719px) 100vw, 719px\" \/>\t\t\t\t\t\t\t\t\t\t\t\t\t\t\t<\/div>\n\t\t\t\t<\/div>\n\t\t\t\t\t<\/div>\n\t\t<\/div>\n\t\t\t\t\t<\/div>\n\t\t<\/section>\n\t\t\t\t<section class=\"elementor-section elementor-top-section elementor-element elementor-element-67531e15 elementor-section-boxed elementor-section-height-default elementor-section-height-default\" data-id=\"67531e15\" data-element_type=\"section\">\n\t\t\t\t\t\t<div class=\"elementor-container elementor-column-gap-default\">\n\t\t\t\t\t<div class=\"elementor-column elementor-col-100 elementor-top-column elementor-element elementor-element-2c8db9d4\" data-id=\"2c8db9d4\" data-element_type=\"column\">\n\t\t\t<div class=\"elementor-widget-wrap elementor-element-populated\">\n\t\t\t\t\t\t<div class=\"elementor-element elementor-element-2ec749ac elementor-widget elementor-widget-text-editor\" data-id=\"2ec749ac\" data-element_type=\"widget\" data-widget_type=\"text-editor.default\">\n\t\t\t\t<div class=\"elementor-widget-container\">\n\t\t\t\t\t\t\t\t\t<p><strong>Este sistema tiene por finalidad controlar el movimiento de los autos en el momento de la largada, la cual puede ser de dos maneras:<\/strong><\/p><p><strong>Largada detenida:<\/strong> Para este caso se instala en cada auto un sensor en una de las ruedas, que detecta el m\u00ednimo movimiento del veh\u00edculo. Si durante el tiempo que permanece encendido el sem\u00e1foro rojo el auto se mueve, el Sistema de Control de Largada, env\u00eda la informaci\u00f3n (a trav\u00e9s de una se\u00f1al de radiofrecuencia) a la torre de control donde las autoridades de la carrera podr\u00e1n observar a trav\u00e9s de una PC.<\/p><p><strong>Largada en movimiento:<\/strong> El sistema en cuesti\u00f3n consta de un modulo de GPS el cual va censando continuamente la velocidad a la que se desplaza el veh\u00edculo de carrera. Si dicha velocidad esta fuera del rango establecido por el reglamento, el Sistema de Control de Largada, env\u00eda la informaci\u00f3n (a trav\u00e9s de una se\u00f1al de radiofrecuencia) a la torre de control donde las autoridades de la carrera podr\u00e1n observar a trav\u00e9s de una PC.<br \/>Adem\u00e1s este sistema brinda informaci\u00f3n a cada instante, sobre la velocidad y desplazamiento de todos y cada uno de los autos que se encuentren en pista. Estos datos tambi\u00e9n son de suma importancia para las autoridades de la carrera.<\/p>\t\t\t\t\t\t\t\t<\/div>\n\t\t\t\t<\/div>\n\t\t\t\t\t<\/div>\n\t\t<\/div>\n\t\t\t\t\t<\/div>\n\t\t<\/section>\n\t\t\t\t<\/div>\n\t\t","protected":false},"excerpt":{"rendered":"<p>Este sistema tiene por finalidad controlar el movimiento de los autos en el momento de la largada, la cual puede ser de dos maneras: Largada detenida: Para este caso se instala en cada auto un sensor en una de las ruedas, que detecta el m\u00ednimo movimiento del veh\u00edculo. Si durante el tiempo que permanece encendido [&hellip;]<\/p>\n","protected":false},"author":1,"featured_media":0,"parent":0,"menu_order":0,"comment_status":"closed","ping_status":"closed","template":"","meta":{"footnotes":""},"class_list":["post-869","page","type-page","status-publish","hentry"],"_links":{"self":[{"href":"https:\/\/www.lisso.com.ar\/_lisso\/wp-json\/wp\/v2\/pages\/869","targetHints":{"allow":["GET"]}}],"collection":[{"href":"https:\/\/www.lisso.com.ar\/_lisso\/wp-json\/wp\/v2\/pages"}],"about":[{"href":"https:\/\/www.lisso.com.ar\/_lisso\/wp-json\/wp\/v2\/types\/page"}],"author":[{"embeddable":true,"href":"https:\/\/www.lisso.com.ar\/_lisso\/wp-json\/wp\/v2\/users\/1"}],"replies":[{"embeddable":true,"href":"https:\/\/www.lisso.com.ar\/_lisso\/wp-json\/wp\/v2\/comments?post=869"}],"version-history":[{"count":8,"href":"https:\/\/www.lisso.com.ar\/_lisso\/wp-json\/wp\/v2\/pages\/869\/revisions"}],"predecessor-version":[{"id":1049,"href":"https:\/\/www.lisso.com.ar\/_lisso\/wp-json\/wp\/v2\/pages\/869\/revisions\/1049"}],"wp:attachment":[{"href":"https:\/\/www.lisso.com.ar\/_lisso\/wp-json\/wp\/v2\/media?parent=869"}],"curies":[{"name":"wp","href":"https:\/\/api.w.org\/{rel}","templated":true}]}}