{"id":1084,"date":"2025-11-03T08:46:13","date_gmt":"2025-11-03T07:46:13","guid":{"rendered":"https:\/\/www.lisso.com.ar\/_lisso\/?page_id=1084"},"modified":"2025-11-03T08:52:32","modified_gmt":"2025-11-03T07:52:32","slug":"corte-de-bomba-de-combustible","status":"publish","type":"page","link":"https:\/\/www.lisso.com.ar\/_lisso\/corte-de-bomba-de-combustible\/","title":{"rendered":"CORTE DE BOMBA DE COMBUSTIBLE"},"content":{"rendered":"\t\t<div data-elementor-type=\"wp-page\" data-elementor-id=\"1084\" class=\"elementor elementor-1084\">\n\t\t\t\t\t\t<section class=\"elementor-section elementor-top-section elementor-element elementor-element-14a971cf elementor-section-boxed elementor-section-height-default elementor-section-height-default\" data-id=\"14a971cf\" data-element_type=\"section\">\n\t\t\t\t\t\t<div class=\"elementor-container elementor-column-gap-default\">\n\t\t\t\t\t<div class=\"elementor-column elementor-col-100 elementor-top-column elementor-element elementor-element-34b4f23c\" data-id=\"34b4f23c\" data-element_type=\"column\">\n\t\t\t<div class=\"elementor-widget-wrap elementor-element-populated\">\n\t\t\t\t\t\t<div class=\"elementor-element elementor-element-13fea112 elementor-widget elementor-widget-image\" data-id=\"13fea112\" data-element_type=\"widget\" data-widget_type=\"image.default\">\n\t\t\t\t<div class=\"elementor-widget-container\">\n\t\t\t\t\t\t\t\t\t\t\t\t\t\t\t<img fetchpriority=\"high\" decoding=\"async\" width=\"719\" height=\"347\" src=\"https:\/\/www.lisso.com.ar\/_lisso\/wp-content\/uploads\/2025\/10\/corte_bomba.jpg\" class=\"attachment-large size-large wp-image-1037\" alt=\"\" srcset=\"https:\/\/www.lisso.com.ar\/_lisso\/wp-content\/uploads\/2025\/10\/corte_bomba.jpg 719w, https:\/\/www.lisso.com.ar\/_lisso\/wp-content\/uploads\/2025\/10\/corte_bomba-300x145.jpg 300w\" sizes=\"(max-width: 719px) 100vw, 719px\" \/>\t\t\t\t\t\t\t\t\t\t\t\t\t\t\t<\/div>\n\t\t\t\t<\/div>\n\t\t\t\t\t<\/div>\n\t\t<\/div>\n\t\t\t\t\t<\/div>\n\t\t<\/section>\n\t\t\t\t<section class=\"elementor-section elementor-top-section elementor-element elementor-element-42be4552 elementor-section-boxed elementor-section-height-default elementor-section-height-default\" data-id=\"42be4552\" data-element_type=\"section\">\n\t\t\t\t\t\t<div class=\"elementor-container elementor-column-gap-default\">\n\t\t\t\t\t<div class=\"elementor-column elementor-col-100 elementor-top-column elementor-element elementor-element-2d67487c\" data-id=\"2d67487c\" data-element_type=\"column\">\n\t\t\t<div class=\"elementor-widget-wrap elementor-element-populated\">\n\t\t\t\t\t\t<div class=\"elementor-element elementor-element-1c1ee3f2 elementor-widget elementor-widget-text-editor\" data-id=\"1c1ee3f2\" data-element_type=\"widget\" data-widget_type=\"text-editor.default\">\n\t\t\t\t<div class=\"elementor-widget-container\">\n\t\t\t\t\t\t\t\t\t<p>La funci\u00f3n de este equipo es la de cortar la energ\u00eda el\u00e9ctrica de la bomba de combustible cuando detecta que el motor del veh\u00edculo se ha detenido. Lo cual prev\u00e9, que luego de un accidente la bomba siga mandando combustible que podr\u00eda generar un incendio del veh\u00edculo.<\/p><p><a href=\"https:\/\/www.lisso.com.ar\/_lisso\/wp-content\/uploads\/2025\/07\/Manual-Corte-de-bomba-de-combustible.pdf\" target=\"_blank\" rel=\"noopener\"><strong>\u21d3 DESCARGAR MANUAL DE USO \u21d3<\/strong><\/a><\/p>\t\t\t\t\t\t\t\t<\/div>\n\t\t\t\t<\/div>\n\t\t\t\t<div class=\"elementor-element elementor-element-3577c498 elementor-widget elementor-widget-tw-video-section\" data-id=\"3577c498\" data-element_type=\"widget\" data-widget_type=\"tw-video-section.default\">\n\t\t\t\t<div class=\"elementor-widget-container\">\n\t\t\t\t\t                    <div class=\"normal_video\">\n                        <div class=\"videoWrap_2\">\n                                                            <img decoding=\"async\" src=\"https:\/\/www.lisso.com.ar\/_lisso\/wp-content\/uploads\/2025\/11\/corte_b.jpg\" alt=\"\">\n                                                        <div class=\"play_video\">\n                                <a class=\"video_popup\" href=\"https:\/\/www.lisso.com.ar\/_lisso\/wp-content\/uploads\/2025\/11\/corte_bomba.mp4?_=1\"   ><i class=\"fa fa-play\"><\/i><\/a>\n                                                            <\/div>\n                        <\/div>\n                    <\/div>\n                \t\t\t\t<\/div>\n\t\t\t\t<\/div>\n\t\t\t\t\t<\/div>\n\t\t<\/div>\n\t\t\t\t\t<\/div>\n\t\t<\/section>\n\t\t\t\t<\/div>\n\t\t","protected":false},"excerpt":{"rendered":"<p>La funci\u00f3n de este equipo es la de cortar la energ\u00eda el\u00e9ctrica de la bomba de combustible cuando detecta que el motor del veh\u00edculo se ha detenido. Lo cual prev\u00e9, que luego de un accidente la bomba siga mandando combustible que podr\u00eda generar un incendio del veh\u00edculo. \u21d3 DESCARGAR MANUAL DE USO \u21d3<\/p>\n","protected":false},"author":1,"featured_media":0,"parent":0,"menu_order":0,"comment_status":"closed","ping_status":"closed","template":"","meta":{"footnotes":""},"class_list":["post-1084","page","type-page","status-publish","hentry"],"_links":{"self":[{"href":"https:\/\/www.lisso.com.ar\/_lisso\/wp-json\/wp\/v2\/pages\/1084","targetHints":{"allow":["GET"]}}],"collection":[{"href":"https:\/\/www.lisso.com.ar\/_lisso\/wp-json\/wp\/v2\/pages"}],"about":[{"href":"https:\/\/www.lisso.com.ar\/_lisso\/wp-json\/wp\/v2\/types\/page"}],"author":[{"embeddable":true,"href":"https:\/\/www.lisso.com.ar\/_lisso\/wp-json\/wp\/v2\/users\/1"}],"replies":[{"embeddable":true,"href":"https:\/\/www.lisso.com.ar\/_lisso\/wp-json\/wp\/v2\/comments?post=1084"}],"version-history":[{"count":11,"href":"https:\/\/www.lisso.com.ar\/_lisso\/wp-json\/wp\/v2\/pages\/1084\/revisions"}],"predecessor-version":[{"id":1101,"href":"https:\/\/www.lisso.com.ar\/_lisso\/wp-json\/wp\/v2\/pages\/1084\/revisions\/1101"}],"wp:attachment":[{"href":"https:\/\/www.lisso.com.ar\/_lisso\/wp-json\/wp\/v2\/media?parent=1084"}],"curies":[{"name":"wp","href":"https:\/\/api.w.org\/{rel}","templated":true}]}}